{"id":13655,"date":"2026-03-19T12:39:09","date_gmt":"2026-03-19T12:39:09","guid":{"rendered":"https:\/\/mouria.abouttheweb.net\/events\/"},"modified":"2026-03-19T13:08:34","modified_gmt":"2026-03-19T13:08:34","slug":"events","status":"publish","type":"page","link":"https:\/\/mouria.abouttheweb.net\/de\/events\/","title":{"rendered":"Veranstaltungen"},"content":{"rendered":"\t\t<div data-elementor-type=\"wp-page\" data-elementor-id=\"13655\" class=\"elementor elementor-13655 elementor-13628\">\n\t\t\t\t\t\t<section class=\"elementor-section elementor-top-section elementor-element elementor-element-beffdac elementor-section-height-full elementor-section-boxed elementor-section-height-default elementor-section-items-middle\" data-id=\"beffdac\" data-element_type=\"section\" data-settings=\"{&quot;background_background&quot;:&quot;classic&quot;}\">\r\n\t\t\t\t\t\t\t<div class=\"elementor-background-overlay\"><\/div>\r\n\t\t\t\t\t\t<div class=\"elementor-container elementor-column-gap-default jws_section_\" >\r\n\t\t\t\t<div class=\"elementor-column elementor-col-100 elementor-top-column elementor-element elementor-element-438b731\" data-id=\"438b731\" data-element_type=\"column\">\n\t\t\t<div class=\"elementor-widget-wrap elementor-element-populated\">\n\t\t\t\t\t\t<div class=\"elementor-element elementor-element-ad0e90a elementor-invisible elementor-widget elementor-widget-heading\" data-id=\"ad0e90a\" data-element_type=\"widget\" data-settings=\"{&quot;_animation&quot;:&quot;fadeInUp&quot;,&quot;_animation_delay&quot;:100}\" data-widget_type=\"heading.default\">\n\t\t\t\t<div class=\"elementor-widget-container\">\n\t\t\t\t\t<h2 class=\"elementor-heading-title elementor-size-default\">Veranstaltungen<\/h2>\t\t\t\t<\/div>\n\t\t\t\t<\/div>\n\t\t\t\t\t<\/div>\n\t\t<\/div>\n\t\t\t\t      \r\n            \r\n              \r\n            \r\n            \t\r\n\t\t\t<\/div>\r\n\t\t<\/section>\r\n\t\t\t\t<section class=\"elementor-section elementor-top-section elementor-element elementor-element-1c4c1b2 elementor-section-boxed elementor-section-height-default elementor-section-height-default\" data-id=\"1c4c1b2\" data-element_type=\"section\">\r\n\t\t\t\t\t\t<div class=\"elementor-container elementor-column-gap-default jws_section_\" >\r\n\t\t\t\t<div class=\"elementor-column elementor-col-100 elementor-top-column elementor-element elementor-element-5ae05eb\" data-id=\"5ae05eb\" data-element_type=\"column\">\n\t\t\t<div class=\"elementor-widget-wrap elementor-element-populated\">\n\t\t\t\t\t\t<div class=\"elementor-element elementor-element-0975605 elementor-widget elementor-widget-heading\" data-id=\"0975605\" data-element_type=\"widget\" data-widget_type=\"heading.default\">\n\t\t\t\t<div class=\"elementor-widget-container\">\n\t\t\t\t\t<div class=\"elementor-heading-title elementor-size-default\">Empf\u00e4nge &amp; Veranstaltungen im Mouria Rooms<\/div>\t\t\t\t<\/div>\n\t\t\t\t<\/div>\n\t\t\t\t<div class=\"elementor-element elementor-element-83f2cd8 elementor-widget elementor-widget-heading\" data-id=\"83f2cd8\" data-element_type=\"widget\" data-widget_type=\"heading.default\">\n\t\t\t\t<div class=\"elementor-widget-container\">\n\t\t\t\t\t<h2 class=\"elementor-heading-title elementor-size-default\">Ein stilvoller Ort f\u00fcr Hochzeiten, Taufen und besondere Anl\u00e4sse<\/h2>\t\t\t\t<\/div>\n\t\t\t\t<\/div>\n\t\t\t\t<div class=\"elementor-element elementor-element-bad2cfe elementor-widget elementor-widget-text-editor\" data-id=\"bad2cfe\" data-element_type=\"widget\" data-widget_type=\"text-editor.default\">\n\t\t\t\t<div class=\"elementor-widget-container\">\n\t\t\t\t\t\t\t\t\t<p style=\"text-align: center;\" data-start=\"988\" data-end=\"1170\">Im Mouria Rooms erhalten Empf\u00e4nge und gesellschaftliche Veranstaltungen einen besonderen Charakter, in einem Ambiente, das Eleganz, Komfort und authentische Gastfreundschaft vereint.<\/p><p style=\"text-align: center;\" data-start=\"1172\" data-end=\"1346\">Unsere Location eignet sich ideal f\u00fcr die Ausrichtung von Hochzeiten, Taufen und ausgew\u00e4hlten Veranstaltungen und bietet eine gepflegte Atmosph\u00e4re f\u00fcr unvergessliche Momente.<\/p><p style=\"text-align: center;\" data-start=\"1348\" data-end=\"1536\">Mit Liebe zum Detail und einem hohen Anspruch an Qualit\u00e4t sorgen wir daf\u00fcr, dass jede Veranstaltung reibungslos umgesetzt wird und f\u00fcr Sie und Ihre G\u00e4ste zu einem besonderen Erlebnis wird.<\/p><p style=\"text-align: center;\" data-start=\"1538\" data-end=\"1610\">F\u00fcr weitere Informationen und Reservierungen kontaktieren Sie uns bitte.<\/p>\t\t\t\t\t\t\t\t<\/div>\n\t\t\t\t<\/div>\n\t\t\t\t\t<\/div>\n\t\t<\/div>\n\t\t\t\t      \r\n            \r\n              \r\n            \r\n            \t\r\n\t\t\t<\/div>\r\n\t\t<\/section>\r\n\t\t\t\t<section class=\"elementor-section elementor-top-section elementor-element elementor-element-9e2d798 elementor-section-boxed elementor-section-height-default elementor-section-height-default\" data-id=\"9e2d798\" data-element_type=\"section\">\r\n\t\t\t\t\t\t<div class=\"elementor-container elementor-column-gap-default jws_section_\" >\r\n\t\t        <div class=\"shade_animation shade-5a01ed3\">\r\n\t\t         <\/div>\r\n        \t\t<div class=\"elementor-column elementor-col-100 elementor-top-column elementor-element elementor-element-5a01ed3 jws-shade-yes\" data-id=\"5a01ed3\" data-element_type=\"column\">\n\t\t\t<div class=\"elementor-widget-wrap\">\n\t\t\t\t\t\t\t<\/div>\n\t\t<\/div>\n\t\t\t\t      \r\n            \r\n              \r\n            \r\n            \t\r\n\t\t\t<\/div>\r\n\t\t<\/section>\r\n\t\t\t\t<section class=\"elementor-section elementor-top-section elementor-element elementor-element-e4a6db6 elementor-section-boxed elementor-section-height-default elementor-section-height-default\" data-id=\"e4a6db6\" data-element_type=\"section\">\r\n\t\t\t\t\t\t<div class=\"elementor-container elementor-column-gap-default jws_section_\" >\r\n\t\t\t\t<div class=\"elementor-column elementor-col-100 elementor-top-column elementor-element elementor-element-c7bd50e\" data-id=\"c7bd50e\" data-element_type=\"column\">\n\t\t\t<div class=\"elementor-widget-wrap elementor-element-populated\">\n\t\t\t\t\t\t<div class=\"elementor-element elementor-element-74559c1 elementor-widget elementor-widget-jws_gallery\" data-id=\"74559c1\" data-element_type=\"widget\" data-widget_type=\"jws_gallery.default\">\n\t\t\t\t<div class=\"elementor-widget-container\">\n\t\t\t\t\t         <div class=\"jws_gallery_element\">\r\n\r\n         \r\n            <div class=\"jws_gallery gallery layout1 slider nav-default row jws-slider owl-carousel\" data-owl-option='{\r\n                \"autoplay\": false,\r\n                \"nav\": true, \r\n                \"dots\":true, \r\n                \"autoplayTimeout\": 5000,\r\n                \"autoplaySpeed\": 5000,\r\n                \"autoplayHoverPause\":false,\r\n                \"center\":false, \r\n                \"loop\":true,\r\n                \"autoWidth\":false,\r\n                \"smartSpeed\": 500, \r\n                \"responsive\":{\r\n                    \"1024\":{\"items\": 4,\"slideBy\": 1},\r\n                    \"768\":{\"items\": 4,\"slideBy\": 1},\r\n                    \"0\":{\"items\": 4,\"slideBy\": 1}\r\n                }}' data-gallery=\"jws-custom-74559c1\">\r\n                                    \r\n                    <div class=\"elementor-repeater-item-22029ba jws_gallery_item slider-item\"  data-index=\"1\" >\r\n                         <div class=\"gallery-image\">\r\n     <a class=\"jws-popup-global\" href=\"https:\/\/mouria.abouttheweb.net\/wp-content\/uploads\/2026\/03\/IMG_20220605_223314_313.webp\">\r\n        <img class='attachment-full' alt='' src=https:\/\/mouria.abouttheweb.net\/wp-content\/uploads\/2026\/03\/IMG_20220605_223314_313.webp >    <\/a>    \r\n<\/div>                    <\/div>\r\n                    \r\n                                        \r\n                    <div class=\"elementor-repeater-item-66a834b jws_gallery_item slider-item\"  data-index=\"1\" >\r\n                         <div class=\"gallery-image\">\r\n     <a class=\"jws-popup-global\" href=\"https:\/\/mouria.abouttheweb.net\/wp-content\/uploads\/2026\/03\/IMG_20210911_194132_010-Copy.jpg\">\r\n        <img class='attachment-full' alt='' src=https:\/\/mouria.abouttheweb.net\/wp-content\/uploads\/2026\/03\/IMG_20210911_194132_010-Copy.jpg >    <\/a>    \r\n<\/div>                    <\/div>\r\n                    \r\n                                        \r\n                    <div class=\"elementor-repeater-item-bd626ba jws_gallery_item slider-item\"  data-index=\"1\" >\r\n                         <div class=\"gallery-image\">\r\n     <a class=\"jws-popup-global\" href=\"https:\/\/mouria.abouttheweb.net\/wp-content\/uploads\/2026\/03\/IMG_20210911_194131_989-Copy.jpg\">\r\n        <img class='attachment-full' alt='' src=https:\/\/mouria.abouttheweb.net\/wp-content\/uploads\/2026\/03\/IMG_20210911_194131_989-Copy.jpg >    <\/a>    \r\n<\/div>                    <\/div>\r\n                    \r\n                                        \r\n                    <div class=\"elementor-repeater-item-dc86dec jws_gallery_item slider-item\"  data-index=\"1\" >\r\n                         <div class=\"gallery-image\">\r\n     <a class=\"jws-popup-global\" href=\"https:\/\/mouria.abouttheweb.net\/wp-content\/uploads\/2026\/03\/IMG_20210911_194131_958-Copy.jpg\">\r\n        <img class='attachment-full' alt='' src=https:\/\/mouria.abouttheweb.net\/wp-content\/uploads\/2026\/03\/IMG_20210911_194131_958-Copy.jpg >    <\/a>    \r\n<\/div>                    <\/div>\r\n                    \r\n                                <\/div>\r\n            <div class=\"jws-nav-carousel\"><div class=\"jws-button-prev\"><\/div><div class=\"jws-button-next\"><\/div><\/div>         <\/div>   \r\n        \t\t\t\t<\/div>\n\t\t\t\t<\/div>\n\t\t\t\t\t<\/div>\n\t\t<\/div>\n\t\t\t\t      \r\n            \r\n              \r\n            \r\n            \t\r\n\t\t\t<\/div>\r\n\t\t<\/section>\r\n\t\t\t\t<\/div>\n\t\t","protected":false},"excerpt":{"rendered":"<p>Veranstaltungen Empf\u00e4nge &amp; Veranstaltungen im Mouria Rooms Ein stilvoller Ort f\u00fcr Hochzeiten, Taufen und besondere Anl\u00e4sse Im Mouria Rooms erhalten Empf\u00e4nge und gesellschaftliche Veranstaltungen einen besonderen Charakter, in einem Ambiente, das Eleganz, Komfort und authentische Gastfreundschaft vereint. Unsere Location eignet sich ideal f\u00fcr die Ausrichtung von Hochzeiten, Taufen und ausgew\u00e4hlten Veranstaltungen und bietet eine gepflegte [&hellip;]<\/p>\n","protected":false},"author":1,"featured_media":0,"parent":0,"menu_order":0,"comment_status":"closed","ping_status":"closed","template":"","meta":{"_acf_changed":false,"footnotes":""},"class_list":["post-13655","page","type-page","status-publish","hentry"],"acf":[],"yoast_head":"<!-- This site is optimized with the Yoast SEO plugin v25.4 - https:\/\/yoast.com\/wordpress\/plugins\/seo\/ -->\n<title>Veranstaltungen - Mouria<\/title>\n<meta name=\"robots\" content=\"noindex, follow, max-snippet:-1, max-image-preview:large, max-video-preview:-1\" \/>\n<meta property=\"og:locale\" content=\"de_DE\" \/>\n<meta property=\"og:type\" content=\"article\" \/>\n<meta property=\"og:title\" content=\"Veranstaltungen - Mouria\" \/>\n<meta property=\"og:description\" content=\"Veranstaltungen Empf\u00e4nge &amp; Veranstaltungen im Mouria Rooms Ein stilvoller Ort f\u00fcr Hochzeiten, Taufen und besondere Anl\u00e4sse Im Mouria Rooms erhalten Empf\u00e4nge und gesellschaftliche Veranstaltungen einen besonderen Charakter, in einem Ambiente, das Eleganz, Komfort und authentische Gastfreundschaft vereint. Unsere Location eignet sich ideal f\u00fcr die Ausrichtung von Hochzeiten, Taufen und ausgew\u00e4hlten Veranstaltungen und bietet eine gepflegte [&hellip;]\" \/>\n<meta property=\"og:url\" content=\"https:\/\/mouria.abouttheweb.net\/de\/events\/\" \/>\n<meta property=\"og:site_name\" content=\"Mouria\" \/>\n<meta property=\"article:modified_time\" content=\"2026-03-19T13:08:34+00:00\" \/>\n<meta name=\"twitter:card\" content=\"summary_large_image\" \/>\n<meta name=\"twitter:label1\" content=\"Gesch\u00e4tzte Lesezeit\" \/>\n\t<meta name=\"twitter:data1\" content=\"2\u00a0Minuten\" \/>\n<script type=\"application\/ld+json\" class=\"yoast-schema-graph\">{\"@context\":\"https:\/\/schema.org\",\"@graph\":[{\"@type\":\"WebPage\",\"@id\":\"https:\/\/mouria.abouttheweb.net\/de\/events\/\",\"url\":\"https:\/\/mouria.abouttheweb.net\/de\/events\/\",\"name\":\"Veranstaltungen - Mouria\",\"isPartOf\":{\"@id\":\"https:\/\/mouria.abouttheweb.net\/#website\"},\"datePublished\":\"2026-03-19T12:39:09+00:00\",\"dateModified\":\"2026-03-19T13:08:34+00:00\",\"breadcrumb\":{\"@id\":\"https:\/\/mouria.abouttheweb.net\/de\/events\/#breadcrumb\"},\"inLanguage\":\"de\",\"potentialAction\":[{\"@type\":\"ReadAction\",\"target\":[\"https:\/\/mouria.abouttheweb.net\/de\/events\/\"]}]},{\"@type\":\"BreadcrumbList\",\"@id\":\"https:\/\/mouria.abouttheweb.net\/de\/events\/#breadcrumb\",\"itemListElement\":[{\"@type\":\"ListItem\",\"position\":1,\"name\":\"Home\",\"item\":\"https:\/\/mouria.abouttheweb.net\/\"},{\"@type\":\"ListItem\",\"position\":2,\"name\":\"Veranstaltungen\"}]},{\"@type\":\"WebSite\",\"@id\":\"https:\/\/mouria.abouttheweb.net\/#website\",\"url\":\"https:\/\/mouria.abouttheweb.net\/\",\"name\":\"Mouria\",\"description\":\"Wonderful rooms &amp; studios in Epidavros\",\"publisher\":{\"@id\":\"https:\/\/mouria.abouttheweb.net\/#organization\"},\"potentialAction\":[{\"@type\":\"SearchAction\",\"target\":{\"@type\":\"EntryPoint\",\"urlTemplate\":\"https:\/\/mouria.abouttheweb.net\/?s={search_term_string}\"},\"query-input\":{\"@type\":\"PropertyValueSpecification\",\"valueRequired\":true,\"valueName\":\"search_term_string\"}}],\"inLanguage\":\"de\"},{\"@type\":\"Organization\",\"@id\":\"https:\/\/mouria.abouttheweb.net\/#organization\",\"name\":\"Mouria\",\"url\":\"https:\/\/mouria.abouttheweb.net\/\",\"logo\":{\"@type\":\"ImageObject\",\"inLanguage\":\"de\",\"@id\":\"https:\/\/mouria.abouttheweb.net\/#\/schema\/logo\/image\/\",\"url\":\"https:\/\/mouria.abouttheweb.net\/wp-content\/uploads\/2023\/07\/Mouria-Logo.png\",\"contentUrl\":\"https:\/\/mouria.abouttheweb.net\/wp-content\/uploads\/2023\/07\/Mouria-Logo.png\",\"width\":300,\"height\":104,\"caption\":\"Mouria\"},\"image\":{\"@id\":\"https:\/\/mouria.abouttheweb.net\/#\/schema\/logo\/image\/\"}}]}<\/script>\n<!-- \/ Yoast SEO plugin. -->","yoast_head_json":{"title":"Veranstaltungen - Mouria","robots":{"index":"noindex","follow":"follow","max-snippet":"max-snippet:-1","max-image-preview":"max-image-preview:large","max-video-preview":"max-video-preview:-1"},"og_locale":"de_DE","og_type":"article","og_title":"Veranstaltungen - Mouria","og_description":"Veranstaltungen Empf\u00e4nge &amp; Veranstaltungen im Mouria Rooms Ein stilvoller Ort f\u00fcr Hochzeiten, Taufen und besondere Anl\u00e4sse Im Mouria Rooms erhalten Empf\u00e4nge und gesellschaftliche Veranstaltungen einen besonderen Charakter, in einem Ambiente, das Eleganz, Komfort und authentische Gastfreundschaft vereint. Unsere Location eignet sich ideal f\u00fcr die Ausrichtung von Hochzeiten, Taufen und ausgew\u00e4hlten Veranstaltungen und bietet eine gepflegte [&hellip;]","og_url":"https:\/\/mouria.abouttheweb.net\/de\/events\/","og_site_name":"Mouria","article_modified_time":"2026-03-19T13:08:34+00:00","twitter_card":"summary_large_image","twitter_misc":{"Gesch\u00e4tzte Lesezeit":"2\u00a0Minuten"},"schema":{"@context":"https:\/\/schema.org","@graph":[{"@type":"WebPage","@id":"https:\/\/mouria.abouttheweb.net\/de\/events\/","url":"https:\/\/mouria.abouttheweb.net\/de\/events\/","name":"Veranstaltungen - Mouria","isPartOf":{"@id":"https:\/\/mouria.abouttheweb.net\/#website"},"datePublished":"2026-03-19T12:39:09+00:00","dateModified":"2026-03-19T13:08:34+00:00","breadcrumb":{"@id":"https:\/\/mouria.abouttheweb.net\/de\/events\/#breadcrumb"},"inLanguage":"de","potentialAction":[{"@type":"ReadAction","target":["https:\/\/mouria.abouttheweb.net\/de\/events\/"]}]},{"@type":"BreadcrumbList","@id":"https:\/\/mouria.abouttheweb.net\/de\/events\/#breadcrumb","itemListElement":[{"@type":"ListItem","position":1,"name":"Home","item":"https:\/\/mouria.abouttheweb.net\/"},{"@type":"ListItem","position":2,"name":"Veranstaltungen"}]},{"@type":"WebSite","@id":"https:\/\/mouria.abouttheweb.net\/#website","url":"https:\/\/mouria.abouttheweb.net\/","name":"Mouria","description":"Wonderful rooms &amp; studios in Epidavros","publisher":{"@id":"https:\/\/mouria.abouttheweb.net\/#organization"},"potentialAction":[{"@type":"SearchAction","target":{"@type":"EntryPoint","urlTemplate":"https:\/\/mouria.abouttheweb.net\/?s={search_term_string}"},"query-input":{"@type":"PropertyValueSpecification","valueRequired":true,"valueName":"search_term_string"}}],"inLanguage":"de"},{"@type":"Organization","@id":"https:\/\/mouria.abouttheweb.net\/#organization","name":"Mouria","url":"https:\/\/mouria.abouttheweb.net\/","logo":{"@type":"ImageObject","inLanguage":"de","@id":"https:\/\/mouria.abouttheweb.net\/#\/schema\/logo\/image\/","url":"https:\/\/mouria.abouttheweb.net\/wp-content\/uploads\/2023\/07\/Mouria-Logo.png","contentUrl":"https:\/\/mouria.abouttheweb.net\/wp-content\/uploads\/2023\/07\/Mouria-Logo.png","width":300,"height":104,"caption":"Mouria"},"image":{"@id":"https:\/\/mouria.abouttheweb.net\/#\/schema\/logo\/image\/"}}]}},"_links":{"self":[{"href":"https:\/\/mouria.abouttheweb.net\/de\/wp-json\/wp\/v2\/pages\/13655","targetHints":{"allow":["GET"]}}],"collection":[{"href":"https:\/\/mouria.abouttheweb.net\/de\/wp-json\/wp\/v2\/pages"}],"about":[{"href":"https:\/\/mouria.abouttheweb.net\/de\/wp-json\/wp\/v2\/types\/page"}],"author":[{"embeddable":true,"href":"https:\/\/mouria.abouttheweb.net\/de\/wp-json\/wp\/v2\/users\/1"}],"replies":[{"embeddable":true,"href":"https:\/\/mouria.abouttheweb.net\/de\/wp-json\/wp\/v2\/comments?post=13655"}],"version-history":[{"count":6,"href":"https:\/\/mouria.abouttheweb.net\/de\/wp-json\/wp\/v2\/pages\/13655\/revisions"}],"predecessor-version":[{"id":13672,"href":"https:\/\/mouria.abouttheweb.net\/de\/wp-json\/wp\/v2\/pages\/13655\/revisions\/13672"}],"wp:attachment":[{"href":"https:\/\/mouria.abouttheweb.net\/de\/wp-json\/wp\/v2\/media?parent=13655"}],"curies":[{"name":"wp","href":"https:\/\/api.w.org\/{rel}","templated":true}]}}